{"id":2508,"date":"2026-01-21T13:26:52","date_gmt":"2026-01-21T11:26:52","guid":{"rendered":"https:\/\/funandlearn.com\/?page_id=2508"},"modified":"2026-01-21T13:31:38","modified_gmt":"2026-01-21T11:31:38","slug":"summer-overnight-camps-in-catalonia","status":"publish","type":"page","link":"https:\/\/funandlearn.com\/ca\/summer-overnight-camps-in-catalonia\/","title":{"rendered":"Col\u00f2nies d&#8217;estiu a Catalunya"},"content":{"rendered":"<p>[vc_row][vc_column]<div id=\"sc_services_2111158565\" class=\"sc_services color_style_default sc_services_default sc_services_featured_top\"><div class=\"sc_services_columns_wrap sc_item_columns sc_item_columns_2 trx_addons_columns_wrap columns_padding_bottom\"><div class=\"trx_addons_column-1_2\"><div class=\"sc_services_item with_content with_image sc_services_item_featured_top\">\n\t<div class=\"post_featured with_thumb hover_icon sc_services_item_thumb\"><img loading=\"lazy\" decoding=\"async\" width=\"813\" height=\"438\" src=\"https:\/\/funandlearn.com\/wp-content\/uploads\/2022\/03\/WhatsApp-Image-2023-01-23-at-17.27.55-5-813x438.jpeg\" class=\"attachment-hello_summer-thumb-big size-hello_summer-thumb-big wp-post-image\" alt=\"\" \/><div class=\"mask\"><\/div><div class=\"icons\"><a href=\"https:\/\/funandlearn.com\/ca\/services\/colonies-destiu-a-la-platja\/\" aria-hidden=\"true\" class=\"icon-visibility\"><\/a><\/div><\/div>\t\n\t<div class=\"sc_services_item_info\">\n\t\t<div class=\"sc_services_item_header\">\n\t\t\t<h4 class=\"sc_services_item_title\"><a href=\"https:\/\/funandlearn.com\/ca\/services\/colonies-destiu-a-la-platja\/\">Col\u00f2nies d&#8217;angl\u00e8s multiactivitats a la Costa Brava, Palam\u00f3s<\/a><\/h4>\n\t\t\t<\/div>\n\t\t\t\t\t<div class=\"sc_services_item_content\"><p><b>DATES<\/b>: 1 setmana: del 28 de juny al 4 de juliol 2026<br \/>\n2 setmanes (del 28 de juny a l&#8217;11 de juliol 2026: Mas Gorgoll + Can Ton Xic, Tav\u00e8rnoles)<br \/>\n<b>LLOC<\/b>: Costa Brava (Palam\u00f3s)<br \/>\n<b>OBJECTIU<\/b>: aprendre angl\u00e8s de manera natural<br \/>\n<b>EDATS<\/b>: a partir de 7 anys fins als 16 anys<br \/>\n<b>EDATS<\/b>: a partir de 16 anys (programa premonitor, CIT)<br \/>\n<b>ACTIVITATS<\/b>: col\u00f2nies multiactivitats en angl\u00e8s (Paddle surf XXL al mar, tir en arc, piscina, excursions a peu, parc aqu\u00e0tic, esports, jocs de nit&#8230;)<\/p>\n<\/div>\n\t\t\t<div class=\"sc_services_item_button sc_item_button\"><a href=\"https:\/\/funandlearn.com\/ca\/services\/colonies-destiu-a-la-platja\/\" class=\"sc_button\">M\u00e9s informaci\u00f3<\/a><\/div>\n\t\t\t<\/div>\n<\/div>\n<\/div><div class=\"trx_addons_column-1_2\"><div class=\"sc_services_item with_content with_image sc_services_item_featured_top\">\n\t<div class=\"post_featured with_thumb hover_icon sc_services_item_thumb\"><img loading=\"lazy\" decoding=\"async\" width=\"813\" height=\"438\" src=\"https:\/\/funandlearn.com\/wp-content\/uploads\/2023\/01\/IMG_20220628_181547-813x438.jpg\" class=\"attachment-hello_summer-thumb-big size-hello_summer-thumb-big wp-post-image\" alt=\"\" \/><div class=\"mask\"><\/div><div class=\"icons\"><a href=\"https:\/\/funandlearn.com\/ca\/services\/colonies-destiu-a-can-ton-xic\/\" aria-hidden=\"true\" class=\"icon-visibility\"><\/a><\/div><\/div>\t\n\t<div class=\"sc_services_item_info\">\n\t\t<div class=\"sc_services_item_header\">\n\t\t\t<h4 class=\"sc_services_item_title\"><a href=\"https:\/\/funandlearn.com\/ca\/services\/colonies-destiu-a-can-ton-xic\/\">Col\u00f2nies multiactivitats en angl\u00e8s a Can Ton Xic, Tav\u00e8rnoles, 2026<\/a><\/h4>\n\t\t\t<\/div>\n\t\t\t\t\t<div class=\"sc_services_item_content\"><p><b>LLOC<\/b>: Can Ton Xic (Tav\u00e8rnoles)<br \/>\n<b>DATES<\/b>: una setmana<br \/>\ndel 5 juliol 2026 a l&#8217;11 juliol 2026<br \/>\ndel 12 juliol al 18 juliol 2026<br \/>\n<b>EDATS<\/b>: de 7 a 16 anys + CIT<br \/>\n<b>DATES<\/b>: col\u00f2nies de 2 setmanes:<br \/>\ndel 28 de juny a l&#8217;11 de juliol de 2026 (1 setmana a la  Costa Brava Palam\u00f3s + 1 setmana a Can Ton Xic, Tav\u00e8rnoles)<br \/>\ndel 5 juliol al 18 de juliol de 2026 (multiactivity English camp  a Can Ton Xic, Tav\u00e8rnoles)<br \/>\n<b>ACTIVITATS<\/b>: multiactivity camp (cavalls, tir en arc, piscina, excursions, tirolines, escalada, rappels, curses orientaci\u00f3, esports, jocs de nit&#8230; )<\/p>\n<\/div>\n\t\t\t<div class=\"sc_services_item_button sc_item_button\"><a href=\"https:\/\/funandlearn.com\/ca\/services\/colonies-destiu-a-can-ton-xic\/\" class=\"sc_button\">M\u00e9s informaci\u00f3<\/a><\/div>\n\t\t\t<\/div>\n<\/div>\n<\/div><div class=\"trx_addons_column-1_2\"><div class=\"sc_services_item with_content with_image sc_services_item_featured_top\">\n\t<div class=\"post_featured with_thumb hover_icon sc_services_item_thumb\"><img loading=\"lazy\" decoding=\"async\" width=\"813\" height=\"438\" src=\"https:\/\/funandlearn.com\/wp-content\/uploads\/2023\/01\/291998451_1418039058668665_2396447297068341644_n-813x438.jpg\" class=\"attachment-hello_summer-thumb-big size-hello_summer-thumb-big wp-post-image\" alt=\"\" \/><div class=\"mask\"><\/div><div class=\"icons\"><a href=\"https:\/\/funandlearn.com\/ca\/services\/football-english-camp\/\" aria-hidden=\"true\" class=\"icon-visibility\"><\/a><\/div><\/div>\t\n\t<div class=\"sc_services_item_info\">\n\t\t<div class=\"sc_services_item_header\">\n\t\t\t<h4 class=\"sc_services_item_title\"><a href=\"https:\/\/funandlearn.com\/ca\/services\/football-english-camp\/\">Col\u00f2nies de futbol en angl\u00e8s estiu 2026 Can Ton Xic, Tav\u00e8rnoles<\/a><\/h4>\n\t\t\t<\/div>\n\t\t\t\t\t<div class=\"sc_services_item_content\"><p><b>DATES<\/b>:<br \/>\ndel 5 a l&#8217;11 de juliol 2026<br \/>\ndel 12 al 18 de juliol 2026<br \/>\n<b>LLOC<\/b>: Can Ton Xic, Tav\u00e8rnoles (Osona)<br \/>\n<b>OBJECTIU<\/b>: aprendre angl\u00e8s de manera natural i jugar a futbol<br \/>\n<b>EDATS<\/b>: dels 7 als 16 anys<br \/>\n<b>ACTIVITATS<\/b>: angl\u00e8s 24 hores, 2 sessions d&#8217;entrenament futbol diaris, piscina, excursi\u00f3 a la platja o al parc aqu\u00e0tic<\/p>\n<\/div>\n\t\t\t<div class=\"sc_services_item_button sc_item_button\"><a href=\"https:\/\/funandlearn.com\/ca\/services\/football-english-camp\/\" class=\"sc_button\">M\u00e9s informaci\u00f3<\/a><\/div>\n\t\t\t<\/div>\n<\/div>\n<\/div><div class=\"trx_addons_column-1_2\"><div class=\"sc_services_item with_content with_image sc_services_item_featured_top\">\n\t<div class=\"post_featured with_thumb hover_icon sc_services_item_thumb\"><img loading=\"lazy\" decoding=\"async\" width=\"813\" height=\"438\" src=\"https:\/\/funandlearn.com\/wp-content\/uploads\/2021\/08\/conill-813x438.jpeg\" class=\"attachment-hello_summer-thumb-big size-hello_summer-thumb-big wp-post-image\" alt=\"\" \/><div class=\"mask\"><\/div><div class=\"icons\"><a href=\"https:\/\/funandlearn.com\/ca\/services\/colonies-petits-de-casa\/\" aria-hidden=\"true\" class=\"icon-visibility\"><\/a><\/div><\/div>\t\n\t<div class=\"sc_services_item_info\">\n\t\t<div class=\"sc_services_item_header\">\n\t\t\t<h4 class=\"sc_services_item_title\"><a href=\"https:\/\/funandlearn.com\/ca\/services\/colonies-petits-de-casa\/\">Col\u00f2nies infantils estiu en angl\u00e8s &#8211; Estiu 2026<\/a><\/h4>\n\t\t\t<\/div>\n\t\t\t\t\t<div class=\"sc_services_item_content\"><p><b>DATES<\/b>: 13 al 17 de juliol 20256(5 dies &#8211; 4 nits)<br \/>\n<b>LLOC<\/b>: Can Ton Xic, Tav\u00e8rnoles (Osona)<br \/>\n<b>OBJECTIU<\/b>: aprendre angl\u00e8s de manera natural<br \/>\n<b>EDATS<\/b>: a partir de 5 anys fins als 9 anys<br \/>\n<b>ACTIVITATS<\/b>: activitats a l&#8217;aire lliure, jocs, primer contacte amb els cavalls, piscina,  excursions, jocs de nit&#8230;<\/p>\n<\/div>\n\t\t\t<div class=\"sc_services_item_button sc_item_button\"><a href=\"https:\/\/funandlearn.com\/ca\/services\/colonies-petits-de-casa\/\" class=\"sc_button\">M\u00e9s informaci\u00f3<\/a><\/div>\n\t\t\t<\/div>\n<\/div>\n<\/div><\/div><\/div><!-- \/.sc_services -->[\/vc_column][\/vc_row]<\/p>\n","protected":false},"excerpt":{"rendered":"<p>[vc_row][vc_column][\/vc_column][\/vc_row]<\/p>\n","protected":false},"author":4,"featured_media":737,"parent":0,"menu_order":0,"comment_status":"closed","ping_status":"closed","template":"","meta":{"footnotes":""},"class_list":["post-2508","page","type-page","status-publish","has-post-thumbnail","hentry"],"yoast_head":"<!-- This site is optimized with the Yoast SEO plugin v27.4 - https:\/\/yoast.com\/product\/yoast-seo-wordpress\/ -->\n<title>Col\u00f2nies d&#039;estiu a Catalunya &#8226; Fun and Learn<\/title>\n<meta name=\"robots\" content=\"index, follow, max-snippet:-1, max-image-preview:large, max-video-preview:-1\" \/>\n<link rel=\"canonical\" href=\"https:\/\/funandlearn.com\/summer-overnight-camps-in-catalonia\/\" \/>\n<meta property=\"og:locale\" content=\"ca_ES\" \/>\n<meta property=\"og:type\" content=\"article\" \/>\n<meta property=\"og:title\" content=\"[:en]Summer Overnight Camps in Catalonia[:es]Colonias y Campamentos de verano en Catalu\u00f1a[:ca]Col\u00f2nies d&#039;estiu a Catalunya[:] &#8226; Fun and Learn\" \/>\n<meta property=\"og:description\" content=\"[vc_row][vc_column][\/vc_column][\/vc_row]\" \/>\n<meta property=\"og:url\" content=\"https:\/\/funandlearn.com\/summer-overnight-camps-in-catalonia\/\" \/>\n<meta property=\"og:site_name\" content=\"Fun and Learn\" \/>\n<meta property=\"article:modified_time\" content=\"2026-01-21T11:31:38+00:00\" \/>\n<meta property=\"og:image\" content=\"https:\/\/funandlearn.com\/wp-content\/uploads\/2019\/01\/foto_cap.png\" \/>\n\t<meta property=\"og:image:width\" content=\"2000\" \/>\n\t<meta property=\"og:image:height\" content=\"752\" \/>\n\t<meta property=\"og:image:type\" content=\"image\/png\" \/>\n<meta name=\"twitter:card\" content=\"summary_large_image\" \/>\n<script type=\"application\/ld+json\" class=\"yoast-schema-graph\">{\"@context\":\"https:\\\/\\\/schema.org\",\"@graph\":[{\"@type\":\"WebPage\",\"@id\":\"https:\\\/\\\/funandlearn.com\\\/summer-overnight-camps-in-catalonia\\\/\",\"url\":\"https:\\\/\\\/funandlearn.com\\\/summer-overnight-camps-in-catalonia\\\/\",\"name\":\"[:en]Summer Overnight Camps in Catalonia[:es]Colonias y Campamentos de verano en Catalu\u00f1a[:ca]Col\u00f2nies d'estiu a Catalunya[:] &#8226; Fun and Learn\",\"isPartOf\":{\"@id\":\"https:\\\/\\\/funandlearn.com\\\/es\\\/#website\"},\"primaryImageOfPage\":{\"@id\":\"https:\\\/\\\/funandlearn.com\\\/summer-overnight-camps-in-catalonia\\\/#primaryimage\"},\"image\":{\"@id\":\"https:\\\/\\\/funandlearn.com\\\/summer-overnight-camps-in-catalonia\\\/#primaryimage\"},\"thumbnailUrl\":\"https:\\\/\\\/funandlearn.com\\\/wp-content\\\/uploads\\\/2019\\\/01\\\/foto_cap.png\",\"datePublished\":\"2026-01-21T11:26:52+00:00\",\"dateModified\":\"2026-01-21T11:31:38+00:00\",\"breadcrumb\":{\"@id\":\"https:\\\/\\\/funandlearn.com\\\/summer-overnight-camps-in-catalonia\\\/#breadcrumb\"},\"inLanguage\":\"ca\",\"potentialAction\":[{\"@type\":\"ReadAction\",\"target\":[\"https:\\\/\\\/funandlearn.com\\\/summer-overnight-camps-in-catalonia\\\/\"]}]},{\"@type\":\"ImageObject\",\"inLanguage\":\"ca\",\"@id\":\"https:\\\/\\\/funandlearn.com\\\/summer-overnight-camps-in-catalonia\\\/#primaryimage\",\"url\":\"https:\\\/\\\/funandlearn.com\\\/wp-content\\\/uploads\\\/2019\\\/01\\\/foto_cap.png\",\"contentUrl\":\"https:\\\/\\\/funandlearn.com\\\/wp-content\\\/uploads\\\/2019\\\/01\\\/foto_cap.png\",\"width\":2000,\"height\":752},{\"@type\":\"BreadcrumbList\",\"@id\":\"https:\\\/\\\/funandlearn.com\\\/summer-overnight-camps-in-catalonia\\\/#breadcrumb\",\"itemListElement\":[{\"@type\":\"ListItem\",\"position\":1,\"name\":\"Inici\",\"item\":\"https:\\\/\\\/funandlearn.com\\\/\"},{\"@type\":\"ListItem\",\"position\":2,\"name\":\"Col\u00f2nies d&#8217;estiu a Catalunya\"}]},{\"@type\":\"WebSite\",\"@id\":\"https:\\\/\\\/funandlearn.com\\\/es\\\/#website\",\"url\":\"https:\\\/\\\/funandlearn.com\\\/es\\\/\",\"name\":\"Fun and Learn\",\"description\":\"Summer Camp in Spain and the USA\",\"publisher\":{\"@id\":\"https:\\\/\\\/funandlearn.com\\\/es\\\/#organization\"},\"potentialAction\":[{\"@type\":\"SearchAction\",\"target\":{\"@type\":\"EntryPoint\",\"urlTemplate\":\"https:\\\/\\\/funandlearn.com\\\/es\\\/?s={search_term_string}\"},\"query-input\":{\"@type\":\"PropertyValueSpecification\",\"valueRequired\":true,\"valueName\":\"search_term_string\"}}],\"inLanguage\":\"ca\"},{\"@type\":\"Organization\",\"@id\":\"https:\\\/\\\/funandlearn.com\\\/es\\\/#organization\",\"name\":\"Fun and Learn\",\"url\":\"https:\\\/\\\/funandlearn.com\\\/es\\\/\",\"logo\":{\"@type\":\"ImageObject\",\"inLanguage\":\"ca\",\"@id\":\"https:\\\/\\\/funandlearn.com\\\/es\\\/#\\\/schema\\\/logo\\\/image\\\/\",\"url\":\"https:\\\/\\\/funandlearn.com\\\/wp-content\\\/uploads\\\/2019\\\/04\\\/LogoSol.001.jpg\",\"contentUrl\":\"https:\\\/\\\/funandlearn.com\\\/wp-content\\\/uploads\\\/2019\\\/04\\\/LogoSol.001.jpg\",\"width\":680,\"height\":286,\"caption\":\"Fun and Learn\"},\"image\":{\"@id\":\"https:\\\/\\\/funandlearn.com\\\/es\\\/#\\\/schema\\\/logo\\\/image\\\/\"}}]}<\/script>\n<!-- \/ Yoast SEO plugin. -->","yoast_head_json":{"title":"[:en]Summer Overnight Camps in Catalonia[:es]Colonias y Campamentos de verano en Catalu\u00f1a[:ca]Col\u00f2nies d'estiu a Catalunya[:] &#8226; Fun and Learn","robots":{"index":"index","follow":"follow","max-snippet":"max-snippet:-1","max-image-preview":"max-image-preview:large","max-video-preview":"max-video-preview:-1"},"canonical":"https:\/\/funandlearn.com\/summer-overnight-camps-in-catalonia\/","og_locale":"ca_ES","og_type":"article","og_title":"[:en]Summer Overnight Camps in Catalonia[:es]Colonias y Campamentos de verano en Catalu\u00f1a[:ca]Col\u00f2nies d'estiu a Catalunya[:] &#8226; Fun and Learn","og_description":"[vc_row][vc_column][\/vc_column][\/vc_row]","og_url":"https:\/\/funandlearn.com\/summer-overnight-camps-in-catalonia\/","og_site_name":"Fun and Learn","article_modified_time":"2026-01-21T11:31:38+00:00","og_image":[{"width":2000,"height":752,"url":"https:\/\/funandlearn.com\/wp-content\/uploads\/2019\/01\/foto_cap.png","type":"image\/png"}],"twitter_card":"summary_large_image","schema":{"@context":"https:\/\/schema.org","@graph":[{"@type":"WebPage","@id":"https:\/\/funandlearn.com\/summer-overnight-camps-in-catalonia\/","url":"https:\/\/funandlearn.com\/summer-overnight-camps-in-catalonia\/","name":"[:en]Summer Overnight Camps in Catalonia[:es]Colonias y Campamentos de verano en Catalu\u00f1a[:ca]Col\u00f2nies d'estiu a Catalunya[:] &#8226; Fun and Learn","isPartOf":{"@id":"https:\/\/funandlearn.com\/es\/#website"},"primaryImageOfPage":{"@id":"https:\/\/funandlearn.com\/summer-overnight-camps-in-catalonia\/#primaryimage"},"image":{"@id":"https:\/\/funandlearn.com\/summer-overnight-camps-in-catalonia\/#primaryimage"},"thumbnailUrl":"https:\/\/funandlearn.com\/wp-content\/uploads\/2019\/01\/foto_cap.png","datePublished":"2026-01-21T11:26:52+00:00","dateModified":"2026-01-21T11:31:38+00:00","breadcrumb":{"@id":"https:\/\/funandlearn.com\/summer-overnight-camps-in-catalonia\/#breadcrumb"},"inLanguage":"ca","potentialAction":[{"@type":"ReadAction","target":["https:\/\/funandlearn.com\/summer-overnight-camps-in-catalonia\/"]}]},{"@type":"ImageObject","inLanguage":"ca","@id":"https:\/\/funandlearn.com\/summer-overnight-camps-in-catalonia\/#primaryimage","url":"https:\/\/funandlearn.com\/wp-content\/uploads\/2019\/01\/foto_cap.png","contentUrl":"https:\/\/funandlearn.com\/wp-content\/uploads\/2019\/01\/foto_cap.png","width":2000,"height":752},{"@type":"BreadcrumbList","@id":"https:\/\/funandlearn.com\/summer-overnight-camps-in-catalonia\/#breadcrumb","itemListElement":[{"@type":"ListItem","position":1,"name":"Inici","item":"https:\/\/funandlearn.com\/"},{"@type":"ListItem","position":2,"name":"Col\u00f2nies d&#8217;estiu a Catalunya"}]},{"@type":"WebSite","@id":"https:\/\/funandlearn.com\/es\/#website","url":"https:\/\/funandlearn.com\/es\/","name":"Fun and Learn","description":"Summer Camp in Spain and the USA","publisher":{"@id":"https:\/\/funandlearn.com\/es\/#organization"},"potentialAction":[{"@type":"SearchAction","target":{"@type":"EntryPoint","urlTemplate":"https:\/\/funandlearn.com\/es\/?s={search_term_string}"},"query-input":{"@type":"PropertyValueSpecification","valueRequired":true,"valueName":"search_term_string"}}],"inLanguage":"ca"},{"@type":"Organization","@id":"https:\/\/funandlearn.com\/es\/#organization","name":"Fun and Learn","url":"https:\/\/funandlearn.com\/es\/","logo":{"@type":"ImageObject","inLanguage":"ca","@id":"https:\/\/funandlearn.com\/es\/#\/schema\/logo\/image\/","url":"https:\/\/funandlearn.com\/wp-content\/uploads\/2019\/04\/LogoSol.001.jpg","contentUrl":"https:\/\/funandlearn.com\/wp-content\/uploads\/2019\/04\/LogoSol.001.jpg","width":680,"height":286,"caption":"Fun and Learn"},"image":{"@id":"https:\/\/funandlearn.com\/es\/#\/schema\/logo\/image\/"}}]}},"_links":{"self":[{"href":"https:\/\/funandlearn.com\/ca\/wp-json\/wp\/v2\/pages\/2508","targetHints":{"allow":["GET"]}}],"collection":[{"href":"https:\/\/funandlearn.com\/ca\/wp-json\/wp\/v2\/pages"}],"about":[{"href":"https:\/\/funandlearn.com\/ca\/wp-json\/wp\/v2\/types\/page"}],"author":[{"embeddable":true,"href":"https:\/\/funandlearn.com\/ca\/wp-json\/wp\/v2\/users\/4"}],"replies":[{"embeddable":true,"href":"https:\/\/funandlearn.com\/ca\/wp-json\/wp\/v2\/comments?post=2508"}],"version-history":[{"count":3,"href":"https:\/\/funandlearn.com\/ca\/wp-json\/wp\/v2\/pages\/2508\/revisions"}],"predecessor-version":[{"id":2512,"href":"https:\/\/funandlearn.com\/ca\/wp-json\/wp\/v2\/pages\/2508\/revisions\/2512"}],"wp:featuredmedia":[{"embeddable":true,"href":"https:\/\/funandlearn.com\/ca\/wp-json\/wp\/v2\/media\/737"}],"wp:attachment":[{"href":"https:\/\/funandlearn.com\/ca\/wp-json\/wp\/v2\/media?parent=2508"}],"curies":[{"name":"wp","href":"https:\/\/api.w.org\/{rel}","templated":true}]}}