{"id":43,"date":"2017-11-11T11:56:52","date_gmt":"2017-11-11T09:56:52","guid":{"rendered":"http:\/\/funandlearn.com\/?page_id=43"},"modified":"2026-01-28T13:54:31","modified_gmt":"2026-01-28T11:54:31","slug":"videos","status":"publish","type":"page","link":"https:\/\/funandlearn.com\/ca\/videos\/","title":{"rendered":"V\u00eddeos"},"content":{"rendered":"<p>[vc_row][vc_column][vc_column_text]<strong><span class=\"titol\">VIDEOS DE FUN AND LEARN<\/span><\/strong><\/p>\n<p><img loading=\"lazy\" decoding=\"async\" class=\"alignleft wp-image-586\" src=\"http:\/\/funandlearn.com\/wp-content\/uploads\/2019\/01\/imatge_video-150x150.jpg\" alt=\"\" width=\"102\" height=\"100\" \/><\/p>\n<p><span class=\"text\">Col\u00f2nies d&#8217;estiu en angl\u00e8s amb americans a Catalunya i als EUA.<br \/>\n<\/span><\/p>\n<p><span class=\"text\">Mira tots els nostres v\u00eddeos, podr\u00e0s fer-te una idea de com s\u00f3n les nostres col\u00f2nies i les instal\u00b7lacions.<\/span>[\/vc_column_text][vc_empty_space alter_height=&#8221;large&#8221; hide_on_desktop=&#8221;&#8221; hide_on_notebook=&#8221;&#8221; hide_on_tablet=&#8221;&#8221; hide_on_mobile=&#8221;&#8221;][\/vc_column][\/vc_row][vc_row][vc_column width=&#8221;1\/2&#8243;]<div id=\"widget_video_760092744\" class=\"widget_area sc_widget_video vc_widget_video wpb_content_element\"><aside id=\"widget_video_760092744_widget\" class=\"widget widget_video\"><div id=\"sc_video_1286625249\" class=\"trx_addons_video_player without_cover\"><div class=\"video_embed video_frame\"><iframe loading=\"lazy\" title=\"Fun and Learn Camps www.FunAndLearn.com\" width=\"1170\" height=\"658\" src=\"https:\/\/www.youtube.com\/embed\/3Ls0k643nrE?feature=oembed\" frameborder=\"0\" allow=\"accelerometer; autoplay; clipboard-write; encrypted-media; gyroscope; picture-in-picture; web-share\" referrerpolicy=\"strict-origin-when-cross-origin\" allowfullscreen><\/iframe><\/div><\/div><\/aside><\/div>[vc_empty_space height=&#8221;4em&#8221; alter_height=&#8221;none&#8221; hide_on_desktop=&#8221;&#8221; hide_on_notebook=&#8221;&#8221; hide_on_tablet=&#8221;&#8221; hide_on_mobile=&#8221;&#8221;][\/vc_column][vc_column width=&#8221;1\/2&#8243;]<div id=\"widget_video_1989614264\" class=\"widget_area sc_widget_video vc_widget_video wpb_content_element\"><aside id=\"widget_video_1989614264_widget\" class=\"widget widget_video\"><div id=\"sc_video_313638390\" class=\"trx_addons_video_player without_cover\"><div class=\"video_embed video_frame\"><iframe loading=\"lazy\" title=\"GinJan Workshop in Vilanova de Sau July 2020 Fun and Learn English Camps. www.FunAndLearn.com\" width=\"1170\" height=\"658\" src=\"https:\/\/www.youtube.com\/embed\/M5Hjgq8dK8o?feature=oembed\" frameborder=\"0\" allow=\"accelerometer; autoplay; clipboard-write; encrypted-media; gyroscope; picture-in-picture; web-share\" referrerpolicy=\"strict-origin-when-cross-origin\" allowfullscreen><\/iframe><\/div><\/div><\/aside><\/div>[vc_empty_space height=&#8221;4em&#8221; alter_height=&#8221;none&#8221; hide_on_desktop=&#8221;&#8221; hide_on_notebook=&#8221;&#8221; hide_on_tablet=&#8221;&#8221; hide_on_mobile=&#8221;&#8221;][\/vc_column][\/vc_row][vc_row][vc_column width=&#8221;1\/2&#8243;]<div id=\"widget_video_544175083\" class=\"widget_area sc_widget_video vc_widget_video wpb_content_element\"><aside id=\"widget_video_544175083_widget\" class=\"widget widget_video\"><div id=\"sc_video_1787670203\" class=\"trx_addons_video_player without_cover\"><div class=\"video_embed video_frame\"><iframe loading=\"lazy\" title=\"Circus - EASTER WORKSHOP 2017\" width=\"1170\" height=\"878\" src=\"https:\/\/www.youtube.com\/embed\/L2IhNc2xoNg?feature=oembed\" frameborder=\"0\" allow=\"accelerometer; autoplay; clipboard-write; encrypted-media; gyroscope; picture-in-picture; web-share\" referrerpolicy=\"strict-origin-when-cross-origin\" allowfullscreen><\/iframe><\/div><\/div><\/aside><\/div>[vc_empty_space height=&#8221;4em&#8221; alter_height=&#8221;none&#8221; hide_on_desktop=&#8221;&#8221; hide_on_notebook=&#8221;&#8221; hide_on_tablet=&#8221;&#8221; hide_on_mobile=&#8221;&#8221;][\/vc_column][vc_column width=&#8221;1\/2&#8243;]<div id=\"widget_video_540898225\" class=\"widget_area sc_widget_video vc_widget_video wpb_content_element\"><aside id=\"widget_video_540898225_widget\" class=\"widget widget_video\"><div id=\"sc_video_1283264155\" class=\"trx_addons_video_player without_cover\"><div class=\"video_embed video_frame\"><iframe loading=\"lazy\" title=\"F&amp;L musicvideo\" width=\"1170\" height=\"658\" src=\"https:\/\/www.youtube.com\/embed\/wuN1hKV4rSg?feature=oembed\" frameborder=\"0\" allow=\"accelerometer; autoplay; clipboard-write; encrypted-media; gyroscope; picture-in-picture; web-share\" referrerpolicy=\"strict-origin-when-cross-origin\" allowfullscreen><\/iframe><\/div><\/div><\/aside><\/div>[vc_empty_space height=&#8221;4em&#8221; alter_height=&#8221;none&#8221; hide_on_desktop=&#8221;&#8221; hide_on_notebook=&#8221;&#8221; hide_on_tablet=&#8221;&#8221; hide_on_mobile=&#8221;&#8221;][\/vc_column][\/vc_row][vc_row][vc_column width=&#8221;1\/2&#8243;]<div id=\"widget_video_1174309412\" class=\"widget_area sc_widget_video vc_widget_video wpb_content_element\"><aside id=\"widget_video_1174309412_widget\" class=\"widget widget_video\"><div id=\"sc_video_2089070456\" class=\"trx_addons_video_player without_cover\"><div class=\"video_embed video_frame\"><iframe loading=\"lazy\" width=\"1170\" height=\"658\" src=\"https:\/\/www.youtube.com\/embed\/m9ef2R7-4uQ?feature=oembed\" frameborder=\"0\" allow=\"accelerometer; autoplay; encrypted-media; gyroscope; picture-in-picture\" allowfullscreen><\/iframe><\/div><\/div><\/aside><\/div>[vc_empty_space height=&#8221;4em&#8221; alter_height=&#8221;none&#8221; hide_on_desktop=&#8221;&#8221; hide_on_notebook=&#8221;&#8221; hide_on_tablet=&#8221;&#8221; hide_on_mobile=&#8221;&#8221;][\/vc_column][vc_column width=&#8221;1\/2&#8243;]<div id=\"widget_video_2069698979\" class=\"widget_area sc_widget_video vc_widget_video wpb_content_element\"><aside id=\"widget_video_2069698979_widget\" class=\"widget widget_video\"><div id=\"sc_video_1566404843\" class=\"trx_addons_video_player without_cover\"><div class=\"video_embed video_frame\"><iframe loading=\"lazy\" width=\"1170\" height=\"658\" src=\"https:\/\/www.youtube.com\/embed\/qkcTASVhFaQ?feature=oembed\" frameborder=\"0\" allow=\"accelerometer; autoplay; encrypted-media; gyroscope; picture-in-picture\" allowfullscreen><\/iframe><\/div><\/div><\/aside><\/div>[vc_empty_space height=&#8221;4em&#8221; alter_height=&#8221;none&#8221; hide_on_desktop=&#8221;&#8221; hide_on_notebook=&#8221;&#8221; hide_on_tablet=&#8221;&#8221; hide_on_mobile=&#8221;&#8221;][\/vc_column][\/vc_row][vc_row][vc_column width=&#8221;1\/2&#8243;]<div id=\"widget_video_798624704\" class=\"widget_area sc_widget_video vc_widget_video wpb_content_element\"><aside id=\"widget_video_798624704_widget\" class=\"widget widget_video\"><div id=\"sc_video_478109637\" class=\"trx_addons_video_player without_cover\"><div class=\"video_embed video_frame\"><iframe loading=\"lazy\" width=\"1170\" height=\"658\" src=\"https:\/\/www.youtube.com\/embed\/Uu3qBPUp4K4?feature=oembed\" frameborder=\"0\" allow=\"accelerometer; autoplay; encrypted-media; gyroscope; picture-in-picture\" allowfullscreen><\/iframe><\/div><\/div><\/aside><\/div>[vc_empty_space height=&#8221;4em&#8221; alter_height=&#8221;none&#8221; hide_on_desktop=&#8221;&#8221; hide_on_notebook=&#8221;&#8221; hide_on_tablet=&#8221;&#8221; hide_on_mobile=&#8221;&#8221;][\/vc_column][vc_column width=&#8221;1\/2&#8243;]<div id=\"widget_video_371829990\" class=\"widget_area sc_widget_video vc_widget_video wpb_content_element\"><aside id=\"widget_video_371829990_widget\" class=\"widget widget_video\"><div id=\"sc_video_701879361\" class=\"trx_addons_video_player without_cover\"><div class=\"video_embed video_frame\"><iframe loading=\"lazy\" width=\"1170\" height=\"658\" src=\"https:\/\/www.youtube.com\/embed\/iuA35OIhsDg?feature=oembed\" frameborder=\"0\" allow=\"accelerometer; autoplay; encrypted-media; gyroscope; picture-in-picture\" allowfullscreen><\/iframe><\/div><\/div><\/aside><\/div>[vc_empty_space height=&#8221;4em&#8221; alter_height=&#8221;none&#8221; hide_on_desktop=&#8221;&#8221; hide_on_notebook=&#8221;&#8221; hide_on_tablet=&#8221;&#8221; hide_on_mobile=&#8221;&#8221;][\/vc_column][\/vc_row][vc_row css=&#8221;.vc_custom_1769600575555{margin-bottom: 30px !important;}&#8221;][vc_column][vc_empty_space height=&#8221;1em&#8221; alter_height=&#8221;none&#8221; hide_on_desktop=&#8221;&#8221; hide_on_notebook=&#8221;&#8221; hide_on_tablet=&#8221;&#8221; hide_on_mobile=&#8221;&#8221;]<div class=\"sc_item_button sc_button_wrap sc_align_center\"><a href=\"https:\/\/www.youtube.com\/channel\/UCtQ-tehRjZe-dKvC70Fg9-g\/videos\" id=\"sc_button_417189286\" class=\"sc_button color_style_default sc_button_default sc_button_size_normal sc_button_icon_left\"><span class=\"sc_button_text sc_align_center\"><span class=\"sc_button_title\">Veure m\u00e9s videos<\/span><\/span><!-- \/.sc_button_text --><\/a><!-- \/.sc_button --><\/div><!-- \/.sc_item_button -->[\/vc_column][\/vc_row]<\/p>","protected":false},"excerpt":{"rendered":"<p>[vc_row][vc_column][vc_column_text]VIDEOS DE FUN AND LEARN Col\u00f2nies d&#8217;estiu en angl\u00e8s amb americans a Catalunya i als EUA. Mira tots els nostres v\u00eddeos, podr\u00e0s fer-te una idea de com s\u00f3n les nostres col\u00f2nies i les instal\u00b7lacions.[\/vc_column_text][vc_empty_space alter_height=&#8221;large&#8221; hide_on_desktop=&#8221;&#8221; hide_on_notebook=&#8221;&#8221; hide_on_tablet=&#8221;&#8221; hide_on_mobile=&#8221;&#8221;][\/vc_column][\/vc_row][vc_row][vc_column width=&#8221;1\/2&#8243;][vc_empty_space height=&#8221;4em&#8221; alter_height=&#8221;none&#8221; hide_on_desktop=&#8221;&#8221; hide_on_notebook=&#8221;&#8221; hide_on_tablet=&#8221;&#8221;&hellip;<\/p>\n","protected":false},"author":2,"featured_media":737,"parent":0,"menu_order":0,"comment_status":"closed","ping_status":"closed","template":"","meta":{"footnotes":""},"class_list":["post-43","page","type-page","status-publish","has-post-thumbnail","hentry"],"yoast_head":"<!-- This site is optimized with the Yoast SEO plugin v27.4 - https:\/\/yoast.com\/product\/yoast-seo-wordpress\/ -->\n<title>V\u00eddeos &#8226; Fun and Learn<\/title>\n<meta name=\"robots\" content=\"index, follow, max-snippet:-1, max-image-preview:large, max-video-preview:-1\" \/>\n<link rel=\"canonical\" href=\"https:\/\/funandlearn.com\/videos\/\" \/>\n<meta property=\"og:locale\" content=\"ca_ES\" \/>\n<meta property=\"og:type\" content=\"article\" \/>\n<meta property=\"og:title\" content=\"[:en]Videos[:es]Videos[:ca]V\u00eddeos[:] &#8226; Fun and Learn\" \/>\n<meta property=\"og:description\" content=\"[vc_row][vc_column][vc_column_text]VIDEOS DE FUN AND LEARN Col\u00f2nies d&#8217;estiu en angl\u00e8s amb americans a Catalunya i als EUA. Mira tots els nostres v\u00eddeos, podr\u00e0s fer-te una idea de com s\u00f3n les nostres col\u00f2nies i les instal\u00b7lacions.[\/vc_column_text][vc_empty_space alter_height=&#8221;large&#8221; hide_on_desktop=&#8221;&#8221; hide_on_notebook=&#8221;&#8221; hide_on_tablet=&#8221;&#8221; hide_on_mobile=&#8221;&#8221;][\/vc_column][\/vc_row][vc_row][vc_column width=&#8221;1\/2&#8243;][vc_empty_space height=&#8221;4em&#8221; alter_height=&#8221;none&#8221; hide_on_desktop=&#8221;&#8221; hide_on_notebook=&#8221;&#8221; hide_on_tablet=&#8221;&#8221;&hellip;\" \/>\n<meta property=\"og:url\" content=\"https:\/\/funandlearn.com\/videos\/\" \/>\n<meta property=\"og:site_name\" content=\"Fun and Learn\" \/>\n<meta property=\"article:modified_time\" content=\"2026-01-28T11:54:31+00:00\" \/>\n<meta property=\"og:image\" content=\"https:\/\/funandlearn.com\/wp-content\/uploads\/2019\/01\/foto_cap.png\" \/>\n\t<meta property=\"og:image:width\" content=\"2000\" \/>\n\t<meta property=\"og:image:height\" content=\"752\" \/>\n\t<meta property=\"og:image:type\" content=\"image\/png\" \/>\n<meta name=\"twitter:card\" content=\"summary_large_image\" \/>\n<meta name=\"twitter:label1\" content=\"Temps estimat de lectura\" \/>\n\t<meta name=\"twitter:data1\" content=\"2 minuts\" \/>\n<script type=\"application\/ld+json\" class=\"yoast-schema-graph\">{\"@context\":\"https:\\\/\\\/schema.org\",\"@graph\":[{\"@type\":\"WebPage\",\"@id\":\"https:\\\/\\\/funandlearn.com\\\/videos\\\/\",\"url\":\"https:\\\/\\\/funandlearn.com\\\/videos\\\/\",\"name\":\"[:en]Videos[:es]Videos[:ca]V\u00eddeos[:] &#8226; Fun and Learn\",\"isPartOf\":{\"@id\":\"https:\\\/\\\/funandlearn.com\\\/es\\\/#website\"},\"primaryImageOfPage\":{\"@id\":\"https:\\\/\\\/funandlearn.com\\\/videos\\\/#primaryimage\"},\"image\":{\"@id\":\"https:\\\/\\\/funandlearn.com\\\/videos\\\/#primaryimage\"},\"thumbnailUrl\":\"https:\\\/\\\/funandlearn.com\\\/wp-content\\\/uploads\\\/2019\\\/01\\\/foto_cap.png\",\"datePublished\":\"2017-11-11T09:56:52+00:00\",\"dateModified\":\"2026-01-28T11:54:31+00:00\",\"breadcrumb\":{\"@id\":\"https:\\\/\\\/funandlearn.com\\\/videos\\\/#breadcrumb\"},\"inLanguage\":\"ca\",\"potentialAction\":[{\"@type\":\"ReadAction\",\"target\":[\"https:\\\/\\\/funandlearn.com\\\/videos\\\/\"]}]},{\"@type\":\"ImageObject\",\"inLanguage\":\"ca\",\"@id\":\"https:\\\/\\\/funandlearn.com\\\/videos\\\/#primaryimage\",\"url\":\"https:\\\/\\\/funandlearn.com\\\/wp-content\\\/uploads\\\/2019\\\/01\\\/foto_cap.png\",\"contentUrl\":\"https:\\\/\\\/funandlearn.com\\\/wp-content\\\/uploads\\\/2019\\\/01\\\/foto_cap.png\",\"width\":2000,\"height\":752},{\"@type\":\"BreadcrumbList\",\"@id\":\"https:\\\/\\\/funandlearn.com\\\/videos\\\/#breadcrumb\",\"itemListElement\":[{\"@type\":\"ListItem\",\"position\":1,\"name\":\"Inici\",\"item\":\"https:\\\/\\\/funandlearn.com\\\/\"},{\"@type\":\"ListItem\",\"position\":2,\"name\":\"V\u00eddeos\"}]},{\"@type\":\"WebSite\",\"@id\":\"https:\\\/\\\/funandlearn.com\\\/es\\\/#website\",\"url\":\"https:\\\/\\\/funandlearn.com\\\/es\\\/\",\"name\":\"Fun and Learn\",\"description\":\"Summer Camp in Spain and the USA\",\"publisher\":{\"@id\":\"https:\\\/\\\/funandlearn.com\\\/es\\\/#organization\"},\"potentialAction\":[{\"@type\":\"SearchAction\",\"target\":{\"@type\":\"EntryPoint\",\"urlTemplate\":\"https:\\\/\\\/funandlearn.com\\\/es\\\/?s={search_term_string}\"},\"query-input\":{\"@type\":\"PropertyValueSpecification\",\"valueRequired\":true,\"valueName\":\"search_term_string\"}}],\"inLanguage\":\"ca\"},{\"@type\":\"Organization\",\"@id\":\"https:\\\/\\\/funandlearn.com\\\/es\\\/#organization\",\"name\":\"Fun and Learn\",\"url\":\"https:\\\/\\\/funandlearn.com\\\/es\\\/\",\"logo\":{\"@type\":\"ImageObject\",\"inLanguage\":\"ca\",\"@id\":\"https:\\\/\\\/funandlearn.com\\\/es\\\/#\\\/schema\\\/logo\\\/image\\\/\",\"url\":\"https:\\\/\\\/funandlearn.com\\\/wp-content\\\/uploads\\\/2019\\\/04\\\/LogoSol.001.jpg\",\"contentUrl\":\"https:\\\/\\\/funandlearn.com\\\/wp-content\\\/uploads\\\/2019\\\/04\\\/LogoSol.001.jpg\",\"width\":680,\"height\":286,\"caption\":\"Fun and Learn\"},\"image\":{\"@id\":\"https:\\\/\\\/funandlearn.com\\\/es\\\/#\\\/schema\\\/logo\\\/image\\\/\"}}]}<\/script>\n<!-- \/ Yoast SEO plugin. -->","yoast_head_json":{"title":"[:en]Videos[:es]Videos[:ca]V\u00eddeos[:] &#8226; Fun and Learn","robots":{"index":"index","follow":"follow","max-snippet":"max-snippet:-1","max-image-preview":"max-image-preview:large","max-video-preview":"max-video-preview:-1"},"canonical":"https:\/\/funandlearn.com\/videos\/","og_locale":"ca_ES","og_type":"article","og_title":"[:en]Videos[:es]Videos[:ca]V\u00eddeos[:] &#8226; Fun and Learn","og_description":"[vc_row][vc_column][vc_column_text]VIDEOS DE FUN AND LEARN Col\u00f2nies d&#8217;estiu en angl\u00e8s amb americans a Catalunya i als EUA. Mira tots els nostres v\u00eddeos, podr\u00e0s fer-te una idea de com s\u00f3n les nostres col\u00f2nies i les instal\u00b7lacions.[\/vc_column_text][vc_empty_space alter_height=&#8221;large&#8221; hide_on_desktop=&#8221;&#8221; hide_on_notebook=&#8221;&#8221; hide_on_tablet=&#8221;&#8221; hide_on_mobile=&#8221;&#8221;][\/vc_column][\/vc_row][vc_row][vc_column width=&#8221;1\/2&#8243;][vc_empty_space height=&#8221;4em&#8221; alter_height=&#8221;none&#8221; hide_on_desktop=&#8221;&#8221; hide_on_notebook=&#8221;&#8221; hide_on_tablet=&#8221;&#8221;&hellip;","og_url":"https:\/\/funandlearn.com\/videos\/","og_site_name":"Fun and Learn","article_modified_time":"2026-01-28T11:54:31+00:00","og_image":[{"width":2000,"height":752,"url":"https:\/\/funandlearn.com\/wp-content\/uploads\/2019\/01\/foto_cap.png","type":"image\/png"}],"twitter_card":"summary_large_image","twitter_misc":{"Temps estimat de lectura":"2 minuts"},"schema":{"@context":"https:\/\/schema.org","@graph":[{"@type":"WebPage","@id":"https:\/\/funandlearn.com\/videos\/","url":"https:\/\/funandlearn.com\/videos\/","name":"[:en]Videos[:es]Videos[:ca]V\u00eddeos[:] &#8226; Fun and Learn","isPartOf":{"@id":"https:\/\/funandlearn.com\/es\/#website"},"primaryImageOfPage":{"@id":"https:\/\/funandlearn.com\/videos\/#primaryimage"},"image":{"@id":"https:\/\/funandlearn.com\/videos\/#primaryimage"},"thumbnailUrl":"https:\/\/funandlearn.com\/wp-content\/uploads\/2019\/01\/foto_cap.png","datePublished":"2017-11-11T09:56:52+00:00","dateModified":"2026-01-28T11:54:31+00:00","breadcrumb":{"@id":"https:\/\/funandlearn.com\/videos\/#breadcrumb"},"inLanguage":"ca","potentialAction":[{"@type":"ReadAction","target":["https:\/\/funandlearn.com\/videos\/"]}]},{"@type":"ImageObject","inLanguage":"ca","@id":"https:\/\/funandlearn.com\/videos\/#primaryimage","url":"https:\/\/funandlearn.com\/wp-content\/uploads\/2019\/01\/foto_cap.png","contentUrl":"https:\/\/funandlearn.com\/wp-content\/uploads\/2019\/01\/foto_cap.png","width":2000,"height":752},{"@type":"BreadcrumbList","@id":"https:\/\/funandlearn.com\/videos\/#breadcrumb","itemListElement":[{"@type":"ListItem","position":1,"name":"Inici","item":"https:\/\/funandlearn.com\/"},{"@type":"ListItem","position":2,"name":"V\u00eddeos"}]},{"@type":"WebSite","@id":"https:\/\/funandlearn.com\/es\/#website","url":"https:\/\/funandlearn.com\/es\/","name":"Fun and Learn","description":"Summer Camp in Spain and the USA","publisher":{"@id":"https:\/\/funandlearn.com\/es\/#organization"},"potentialAction":[{"@type":"SearchAction","target":{"@type":"EntryPoint","urlTemplate":"https:\/\/funandlearn.com\/es\/?s={search_term_string}"},"query-input":{"@type":"PropertyValueSpecification","valueRequired":true,"valueName":"search_term_string"}}],"inLanguage":"ca"},{"@type":"Organization","@id":"https:\/\/funandlearn.com\/es\/#organization","name":"Fun and Learn","url":"https:\/\/funandlearn.com\/es\/","logo":{"@type":"ImageObject","inLanguage":"ca","@id":"https:\/\/funandlearn.com\/es\/#\/schema\/logo\/image\/","url":"https:\/\/funandlearn.com\/wp-content\/uploads\/2019\/04\/LogoSol.001.jpg","contentUrl":"https:\/\/funandlearn.com\/wp-content\/uploads\/2019\/04\/LogoSol.001.jpg","width":680,"height":286,"caption":"Fun and Learn"},"image":{"@id":"https:\/\/funandlearn.com\/es\/#\/schema\/logo\/image\/"}}]}},"_links":{"self":[{"href":"https:\/\/funandlearn.com\/ca\/wp-json\/wp\/v2\/pages\/43","targetHints":{"allow":["GET"]}}],"collection":[{"href":"https:\/\/funandlearn.com\/ca\/wp-json\/wp\/v2\/pages"}],"about":[{"href":"https:\/\/funandlearn.com\/ca\/wp-json\/wp\/v2\/types\/page"}],"author":[{"embeddable":true,"href":"https:\/\/funandlearn.com\/ca\/wp-json\/wp\/v2\/users\/2"}],"replies":[{"embeddable":true,"href":"https:\/\/funandlearn.com\/ca\/wp-json\/wp\/v2\/comments?post=43"}],"version-history":[{"count":32,"href":"https:\/\/funandlearn.com\/ca\/wp-json\/wp\/v2\/pages\/43\/revisions"}],"predecessor-version":[{"id":2566,"href":"https:\/\/funandlearn.com\/ca\/wp-json\/wp\/v2\/pages\/43\/revisions\/2566"}],"wp:featuredmedia":[{"embeddable":true,"href":"https:\/\/funandlearn.com\/ca\/wp-json\/wp\/v2\/media\/737"}],"wp:attachment":[{"href":"https:\/\/funandlearn.com\/ca\/wp-json\/wp\/v2\/media?parent=43"}],"curies":[{"name":"wp","href":"https:\/\/api.w.org\/{rel}","templated":true}]}}