{"id":2508,"date":"2026-01-21T13:26:52","date_gmt":"2026-01-21T11:26:52","guid":{"rendered":"https:\/\/funandlearn.com\/?page_id=2508"},"modified":"2026-01-21T13:31:38","modified_gmt":"2026-01-21T11:31:38","slug":"summer-overnight-camps-in-catalonia","status":"publish","type":"page","link":"https:\/\/funandlearn.com\/es\/summer-overnight-camps-in-catalonia\/","title":{"rendered":"Colonias y Campamentos de verano en Catalu\u00f1a"},"content":{"rendered":"<p>[vc_row][vc_column]<div id=\"sc_services_1552876078\" class=\"sc_services color_style_default sc_services_default sc_services_featured_top\"><div class=\"sc_services_columns_wrap sc_item_columns sc_item_columns_2 trx_addons_columns_wrap columns_padding_bottom\"><div class=\"trx_addons_column-1_2\"><div class=\"sc_services_item with_content with_image sc_services_item_featured_top\">\n\t<div class=\"post_featured with_thumb hover_icon sc_services_item_thumb\"><img loading=\"lazy\" decoding=\"async\" width=\"813\" height=\"438\" src=\"https:\/\/funandlearn.com\/wp-content\/uploads\/2022\/03\/WhatsApp-Image-2023-01-23-at-17.27.55-5-813x438.jpeg\" class=\"attachment-hello_summer-thumb-big size-hello_summer-thumb-big wp-post-image\" alt=\"\" \/><div class=\"mask\"><\/div><div class=\"icons\"><a href=\"https:\/\/funandlearn.com\/es\/services\/colonies-destiu-a-la-platja\/\" aria-hidden=\"true\" class=\"icon-visibility\"><\/a><\/div><\/div>\t\n\t<div class=\"sc_services_item_info\">\n\t\t<div class=\"sc_services_item_header\">\n\t\t\t<h4 class=\"sc_services_item_title\"><a href=\"https:\/\/funandlearn.com\/es\/services\/colonies-destiu-a-la-platja\/\">Colonias de ingl\u00e9s multiactividades en la Costa Brava, Palam\u00f3s<\/a><\/h4>\n\t\t\t<\/div>\n\t\t\t\t\t<div class=\"sc_services_item_content\"><p><b>FECHAS<\/b>: 1 semana: 28 de junio al 5 de julio 2026<br \/>\ndos semanas: 28 de junio al 11 de julio 2026 (Palam\u00f3s + Can Ton Xic, Tav\u00e8rnoles)<br \/>\n<b>LUGAR<\/b>: Costa Brava, Mas Gorgoll (Palam\u00f3s)<br \/>\n<b>OBJETIVO<\/b>: aprender ingl\u00e9s de un modo natural<br \/>\n<b>EDADES<\/b>: a partir de los 7 hasta los 16<br \/>\n<b>ACTIVIDADES<\/b>: colonias multiactividades (paddle surf en el mar,  playa, tiro en arco, piscina, excursiones, parque acu\u00e1tico, todo tipo de deportes, juegos de noche&#8230;)<\/p>\n<\/div>\n\t\t\t<div class=\"sc_services_item_button sc_item_button\"><a href=\"https:\/\/funandlearn.com\/es\/services\/colonies-destiu-a-la-platja\/\" class=\"sc_button\">M\u00e1s informaci\u00f3n<\/a><\/div>\n\t\t\t<\/div>\n<\/div>\n<\/div><div class=\"trx_addons_column-1_2\"><div class=\"sc_services_item with_content with_image sc_services_item_featured_top\">\n\t<div class=\"post_featured with_thumb hover_icon sc_services_item_thumb\"><img loading=\"lazy\" decoding=\"async\" width=\"813\" height=\"438\" src=\"https:\/\/funandlearn.com\/wp-content\/uploads\/2023\/01\/IMG_20220628_181547-813x438.jpg\" class=\"attachment-hello_summer-thumb-big size-hello_summer-thumb-big wp-post-image\" alt=\"\" \/><div class=\"mask\"><\/div><div class=\"icons\"><a href=\"https:\/\/funandlearn.com\/es\/services\/colonies-destiu-a-can-ton-xic\/\" aria-hidden=\"true\" class=\"icon-visibility\"><\/a><\/div><\/div>\t\n\t<div class=\"sc_services_item_info\">\n\t\t<div class=\"sc_services_item_header\">\n\t\t\t<h4 class=\"sc_services_item_title\"><a href=\"https:\/\/funandlearn.com\/es\/services\/colonies-destiu-a-can-ton-xic\/\">Colonias de multiactividades de inmersi\u00f3n al ingl\u00e9s en Can Ton Xic, Tavernoles, les Guilleries (Osona)<\/a><\/h4>\n\t\t\t<\/div>\n\t\t\t\t\t<div class=\"sc_services_item_content\"><p><b>LUGAR<\/b>: Can Ton Xic (Tav\u00e8rnoles)<br \/>\n<b>FECHAS<\/b>: una semana<br \/>\ndel 5 julio 2026 al 11 julio 2026<br \/>\ndel 12 julio al 18 julio 2026<br \/>\n<b>EDADES<\/b>: de 7 a 16 a\u00f1os + CIT<br \/>\n<b>DATES<\/b>: campamentos de 2 semanas:<br \/>\ndel 28 de junio al 11 de juliolde 2026 (1 semana en la  Costa Brava Palam\u00f3s + 1 semana en Can Ton Xic, Tav\u00e8rnoles)<br \/>\ndel 5 julio al 18 de julio de 2026 (multiactivity English camp  en Can Ton Xic, Tav\u00e8rnoles)<br \/>\n<b>ACTIVITATS<\/b>: multiactivity camp (horseback riding, archery, poll, hiking, zip lines, rock climbing, rappels, orientation races, sports, night games&#8230;)<\/p>\n<\/div>\n\t\t\t<div class=\"sc_services_item_button sc_item_button\"><a href=\"https:\/\/funandlearn.com\/es\/services\/colonies-destiu-a-can-ton-xic\/\" class=\"sc_button\">M\u00e1s informaci\u00f3n<\/a><\/div>\n\t\t\t<\/div>\n<\/div>\n<\/div><div class=\"trx_addons_column-1_2\"><div class=\"sc_services_item with_content with_image sc_services_item_featured_top\">\n\t<div class=\"post_featured with_thumb hover_icon sc_services_item_thumb\"><img loading=\"lazy\" decoding=\"async\" width=\"813\" height=\"438\" src=\"https:\/\/funandlearn.com\/wp-content\/uploads\/2023\/01\/291998451_1418039058668665_2396447297068341644_n-813x438.jpg\" class=\"attachment-hello_summer-thumb-big size-hello_summer-thumb-big wp-post-image\" alt=\"\" \/><div class=\"mask\"><\/div><div class=\"icons\"><a href=\"https:\/\/funandlearn.com\/es\/services\/football-english-camp\/\" aria-hidden=\"true\" class=\"icon-visibility\"><\/a><\/div><\/div>\t\n\t<div class=\"sc_services_item_info\">\n\t\t<div class=\"sc_services_item_header\">\n\t\t\t<h4 class=\"sc_services_item_title\"><a href=\"https:\/\/funandlearn.com\/es\/services\/football-english-camp\/\">Campamentos de f\u00fatbol en ingl\u00e9s<\/a><\/h4>\n\t\t\t<\/div>\n\t\t\t\t\t<div class=\"sc_services_item_content\"><p><b>FECHAS<\/b>:<br \/>\ndel 5 al 11 de julio 2026<br \/>\ndel 12 al 18 de julio 2026<br \/>\n<b>LUGAR<\/b>: Tav\u00e8rnoles (Osona)<br \/>\n<b>OBJETIVO<\/b>: aprender ingl\u00e9s de manera natural y practicar el f\u00fatbol<br \/>\n<b>EDADES<\/b>: de los 7 a los 16 a\u00f1os<br \/>\n<b>ACTIVIDADES<\/b>: ingl\u00e9s 24 horas, 2 sesiones de entrenamiento de f\u00fatbol diarios, piscina, excursi\u00f3n a la playa o al canal ol\u00edmpico de Castelldefels<\/p>\n<\/div>\n\t\t\t<div class=\"sc_services_item_button sc_item_button\"><a href=\"https:\/\/funandlearn.com\/es\/services\/football-english-camp\/\" class=\"sc_button\">M\u00e1s informaci\u00f3n<\/a><\/div>\n\t\t\t<\/div>\n<\/div>\n<\/div><div class=\"trx_addons_column-1_2\"><div class=\"sc_services_item with_content with_image sc_services_item_featured_top\">\n\t<div class=\"post_featured with_thumb hover_icon sc_services_item_thumb\"><img loading=\"lazy\" decoding=\"async\" width=\"813\" height=\"438\" src=\"https:\/\/funandlearn.com\/wp-content\/uploads\/2021\/08\/conill-813x438.jpeg\" class=\"attachment-hello_summer-thumb-big size-hello_summer-thumb-big wp-post-image\" alt=\"\" \/><div class=\"mask\"><\/div><div class=\"icons\"><a href=\"https:\/\/funandlearn.com\/es\/services\/colonies-petits-de-casa\/\" aria-hidden=\"true\" class=\"icon-visibility\"><\/a><\/div><\/div>\t\n\t<div class=\"sc_services_item_info\">\n\t\t<div class=\"sc_services_item_header\">\n\t\t\t<h4 class=\"sc_services_item_title\"><a href=\"https:\/\/funandlearn.com\/es\/services\/colonies-petits-de-casa\/\">Campamentos infantiles en ingl\u00e9s &#8211; Verano 2026<\/a><\/h4>\n\t\t\t<\/div>\n\t\t\t\t\t<div class=\"sc_services_item_content\"><p><b>FECHAS<\/b> DEL 13 AL 17 DE JULIO 2026 (5 d\u00edas &#8211; 4 noches)<br \/>\n<b>LUGAR<\/b>: Tav\u00e8rnoles (Osona)<br \/>\n<b>OBJETIVO<\/b>: aprender ingl\u00e9s de manera natural<br \/>\n<b>EDADES<\/b>: de 5 a\u00f1os hasta los 9 a\u00f1os<br \/>\n<b>ACTIVIDADES<\/b>: actividades al aire libre, juegos, primer contacto con los caballos, piscina, parque de aventura, excursiones, juegos de noche&#8230;<\/p>\n<\/div>\n\t\t\t<div class=\"sc_services_item_button sc_item_button\"><a href=\"https:\/\/funandlearn.com\/es\/services\/colonies-petits-de-casa\/\" class=\"sc_button\">M\u00e1s informaci\u00f3n<\/a><\/div>\n\t\t\t<\/div>\n<\/div>\n<\/div><\/div><\/div><!-- \/.sc_services -->[\/vc_column][\/vc_row]<\/p>\n","protected":false},"excerpt":{"rendered":"<p>[vc_row][vc_column][\/vc_column][\/vc_row]<\/p>\n","protected":false},"author":4,"featured_media":737,"parent":0,"menu_order":0,"comment_status":"closed","ping_status":"closed","template":"","meta":{"footnotes":""},"class_list":["post-2508","page","type-page","status-publish","has-post-thumbnail","hentry"],"yoast_head":"<!-- This site is optimized with the Yoast SEO plugin v27.4 - https:\/\/yoast.com\/product\/yoast-seo-wordpress\/ -->\n<title>Colonias y Campamentos de verano en Catalu\u00f1a &#8226; Fun and Learn<\/title>\n<meta name=\"robots\" content=\"index, follow, max-snippet:-1, max-image-preview:large, max-video-preview:-1\" \/>\n<link rel=\"canonical\" href=\"https:\/\/funandlearn.com\/summer-overnight-camps-in-catalonia\/\" \/>\n<meta property=\"og:locale\" content=\"es_ES\" \/>\n<meta property=\"og:type\" content=\"article\" \/>\n<meta property=\"og:title\" content=\"[:en]Summer Overnight Camps in Catalonia[:es]Colonias y Campamentos de verano en Catalu\u00f1a[:ca]Col\u00f2nies d&#039;estiu a Catalunya[:] &#8226; Fun and Learn\" \/>\n<meta property=\"og:description\" content=\"[vc_row][vc_column][\/vc_column][\/vc_row]\" \/>\n<meta property=\"og:url\" content=\"https:\/\/funandlearn.com\/summer-overnight-camps-in-catalonia\/\" \/>\n<meta property=\"og:site_name\" content=\"Fun and Learn\" \/>\n<meta property=\"article:modified_time\" content=\"2026-01-21T11:31:38+00:00\" \/>\n<meta property=\"og:image\" content=\"https:\/\/funandlearn.com\/wp-content\/uploads\/2019\/01\/foto_cap.png\" \/>\n\t<meta property=\"og:image:width\" content=\"2000\" \/>\n\t<meta property=\"og:image:height\" content=\"752\" \/>\n\t<meta property=\"og:image:type\" content=\"image\/png\" \/>\n<meta name=\"twitter:card\" content=\"summary_large_image\" \/>\n<script type=\"application\/ld+json\" class=\"yoast-schema-graph\">{\"@context\":\"https:\\\/\\\/schema.org\",\"@graph\":[{\"@type\":\"WebPage\",\"@id\":\"https:\\\/\\\/funandlearn.com\\\/summer-overnight-camps-in-catalonia\\\/\",\"url\":\"https:\\\/\\\/funandlearn.com\\\/summer-overnight-camps-in-catalonia\\\/\",\"name\":\"[:en]Summer Overnight Camps in Catalonia[:es]Colonias y Campamentos de verano en Catalu\u00f1a[:ca]Col\u00f2nies d'estiu a Catalunya[:] &#8226; Fun and Learn\",\"isPartOf\":{\"@id\":\"https:\\\/\\\/funandlearn.com\\\/es\\\/#website\"},\"primaryImageOfPage\":{\"@id\":\"https:\\\/\\\/funandlearn.com\\\/summer-overnight-camps-in-catalonia\\\/#primaryimage\"},\"image\":{\"@id\":\"https:\\\/\\\/funandlearn.com\\\/summer-overnight-camps-in-catalonia\\\/#primaryimage\"},\"thumbnailUrl\":\"https:\\\/\\\/funandlearn.com\\\/wp-content\\\/uploads\\\/2019\\\/01\\\/foto_cap.png\",\"datePublished\":\"2026-01-21T11:26:52+00:00\",\"dateModified\":\"2026-01-21T11:31:38+00:00\",\"breadcrumb\":{\"@id\":\"https:\\\/\\\/funandlearn.com\\\/summer-overnight-camps-in-catalonia\\\/#breadcrumb\"},\"inLanguage\":\"es\",\"potentialAction\":[{\"@type\":\"ReadAction\",\"target\":[\"https:\\\/\\\/funandlearn.com\\\/summer-overnight-camps-in-catalonia\\\/\"]}]},{\"@type\":\"ImageObject\",\"inLanguage\":\"es\",\"@id\":\"https:\\\/\\\/funandlearn.com\\\/summer-overnight-camps-in-catalonia\\\/#primaryimage\",\"url\":\"https:\\\/\\\/funandlearn.com\\\/wp-content\\\/uploads\\\/2019\\\/01\\\/foto_cap.png\",\"contentUrl\":\"https:\\\/\\\/funandlearn.com\\\/wp-content\\\/uploads\\\/2019\\\/01\\\/foto_cap.png\",\"width\":2000,\"height\":752},{\"@type\":\"BreadcrumbList\",\"@id\":\"https:\\\/\\\/funandlearn.com\\\/summer-overnight-camps-in-catalonia\\\/#breadcrumb\",\"itemListElement\":[{\"@type\":\"ListItem\",\"position\":1,\"name\":\"Inici\",\"item\":\"https:\\\/\\\/funandlearn.com\\\/\"},{\"@type\":\"ListItem\",\"position\":2,\"name\":\"Col\u00f2nies d&#8217;estiu a Catalunya\"}]},{\"@type\":\"WebSite\",\"@id\":\"https:\\\/\\\/funandlearn.com\\\/es\\\/#website\",\"url\":\"https:\\\/\\\/funandlearn.com\\\/es\\\/\",\"name\":\"Fun and Learn\",\"description\":\"Summer Camp in Spain and the USA\",\"publisher\":{\"@id\":\"https:\\\/\\\/funandlearn.com\\\/es\\\/#organization\"},\"potentialAction\":[{\"@type\":\"SearchAction\",\"target\":{\"@type\":\"EntryPoint\",\"urlTemplate\":\"https:\\\/\\\/funandlearn.com\\\/es\\\/?s={search_term_string}\"},\"query-input\":{\"@type\":\"PropertyValueSpecification\",\"valueRequired\":true,\"valueName\":\"search_term_string\"}}],\"inLanguage\":\"es\"},{\"@type\":\"Organization\",\"@id\":\"https:\\\/\\\/funandlearn.com\\\/es\\\/#organization\",\"name\":\"Fun and Learn\",\"url\":\"https:\\\/\\\/funandlearn.com\\\/es\\\/\",\"logo\":{\"@type\":\"ImageObject\",\"inLanguage\":\"es\",\"@id\":\"https:\\\/\\\/funandlearn.com\\\/es\\\/#\\\/schema\\\/logo\\\/image\\\/\",\"url\":\"https:\\\/\\\/funandlearn.com\\\/wp-content\\\/uploads\\\/2019\\\/04\\\/LogoSol.001.jpg\",\"contentUrl\":\"https:\\\/\\\/funandlearn.com\\\/wp-content\\\/uploads\\\/2019\\\/04\\\/LogoSol.001.jpg\",\"width\":680,\"height\":286,\"caption\":\"Fun and Learn\"},\"image\":{\"@id\":\"https:\\\/\\\/funandlearn.com\\\/es\\\/#\\\/schema\\\/logo\\\/image\\\/\"}}]}<\/script>\n<!-- \/ Yoast SEO plugin. -->","yoast_head_json":{"title":"[:en]Summer Overnight Camps in Catalonia[:es]Colonias y Campamentos de verano en Catalu\u00f1a[:ca]Col\u00f2nies d'estiu a Catalunya[:] &#8226; Fun and Learn","robots":{"index":"index","follow":"follow","max-snippet":"max-snippet:-1","max-image-preview":"max-image-preview:large","max-video-preview":"max-video-preview:-1"},"canonical":"https:\/\/funandlearn.com\/summer-overnight-camps-in-catalonia\/","og_locale":"es_ES","og_type":"article","og_title":"[:en]Summer Overnight Camps in Catalonia[:es]Colonias y Campamentos de verano en Catalu\u00f1a[:ca]Col\u00f2nies d'estiu a Catalunya[:] &#8226; Fun and Learn","og_description":"[vc_row][vc_column][\/vc_column][\/vc_row]","og_url":"https:\/\/funandlearn.com\/summer-overnight-camps-in-catalonia\/","og_site_name":"Fun and Learn","article_modified_time":"2026-01-21T11:31:38+00:00","og_image":[{"width":2000,"height":752,"url":"https:\/\/funandlearn.com\/wp-content\/uploads\/2019\/01\/foto_cap.png","type":"image\/png"}],"twitter_card":"summary_large_image","schema":{"@context":"https:\/\/schema.org","@graph":[{"@type":"WebPage","@id":"https:\/\/funandlearn.com\/summer-overnight-camps-in-catalonia\/","url":"https:\/\/funandlearn.com\/summer-overnight-camps-in-catalonia\/","name":"[:en]Summer Overnight Camps in Catalonia[:es]Colonias y Campamentos de verano en Catalu\u00f1a[:ca]Col\u00f2nies d'estiu a Catalunya[:] &#8226; Fun and Learn","isPartOf":{"@id":"https:\/\/funandlearn.com\/es\/#website"},"primaryImageOfPage":{"@id":"https:\/\/funandlearn.com\/summer-overnight-camps-in-catalonia\/#primaryimage"},"image":{"@id":"https:\/\/funandlearn.com\/summer-overnight-camps-in-catalonia\/#primaryimage"},"thumbnailUrl":"https:\/\/funandlearn.com\/wp-content\/uploads\/2019\/01\/foto_cap.png","datePublished":"2026-01-21T11:26:52+00:00","dateModified":"2026-01-21T11:31:38+00:00","breadcrumb":{"@id":"https:\/\/funandlearn.com\/summer-overnight-camps-in-catalonia\/#breadcrumb"},"inLanguage":"es","potentialAction":[{"@type":"ReadAction","target":["https:\/\/funandlearn.com\/summer-overnight-camps-in-catalonia\/"]}]},{"@type":"ImageObject","inLanguage":"es","@id":"https:\/\/funandlearn.com\/summer-overnight-camps-in-catalonia\/#primaryimage","url":"https:\/\/funandlearn.com\/wp-content\/uploads\/2019\/01\/foto_cap.png","contentUrl":"https:\/\/funandlearn.com\/wp-content\/uploads\/2019\/01\/foto_cap.png","width":2000,"height":752},{"@type":"BreadcrumbList","@id":"https:\/\/funandlearn.com\/summer-overnight-camps-in-catalonia\/#breadcrumb","itemListElement":[{"@type":"ListItem","position":1,"name":"Inici","item":"https:\/\/funandlearn.com\/"},{"@type":"ListItem","position":2,"name":"Col\u00f2nies d&#8217;estiu a Catalunya"}]},{"@type":"WebSite","@id":"https:\/\/funandlearn.com\/es\/#website","url":"https:\/\/funandlearn.com\/es\/","name":"Fun and Learn","description":"Summer Camp in Spain and the USA","publisher":{"@id":"https:\/\/funandlearn.com\/es\/#organization"},"potentialAction":[{"@type":"SearchAction","target":{"@type":"EntryPoint","urlTemplate":"https:\/\/funandlearn.com\/es\/?s={search_term_string}"},"query-input":{"@type":"PropertyValueSpecification","valueRequired":true,"valueName":"search_term_string"}}],"inLanguage":"es"},{"@type":"Organization","@id":"https:\/\/funandlearn.com\/es\/#organization","name":"Fun and Learn","url":"https:\/\/funandlearn.com\/es\/","logo":{"@type":"ImageObject","inLanguage":"es","@id":"https:\/\/funandlearn.com\/es\/#\/schema\/logo\/image\/","url":"https:\/\/funandlearn.com\/wp-content\/uploads\/2019\/04\/LogoSol.001.jpg","contentUrl":"https:\/\/funandlearn.com\/wp-content\/uploads\/2019\/04\/LogoSol.001.jpg","width":680,"height":286,"caption":"Fun and Learn"},"image":{"@id":"https:\/\/funandlearn.com\/es\/#\/schema\/logo\/image\/"}}]}},"_links":{"self":[{"href":"https:\/\/funandlearn.com\/es\/wp-json\/wp\/v2\/pages\/2508","targetHints":{"allow":["GET"]}}],"collection":[{"href":"https:\/\/funandlearn.com\/es\/wp-json\/wp\/v2\/pages"}],"about":[{"href":"https:\/\/funandlearn.com\/es\/wp-json\/wp\/v2\/types\/page"}],"author":[{"embeddable":true,"href":"https:\/\/funandlearn.com\/es\/wp-json\/wp\/v2\/users\/4"}],"replies":[{"embeddable":true,"href":"https:\/\/funandlearn.com\/es\/wp-json\/wp\/v2\/comments?post=2508"}],"version-history":[{"count":3,"href":"https:\/\/funandlearn.com\/es\/wp-json\/wp\/v2\/pages\/2508\/revisions"}],"predecessor-version":[{"id":2512,"href":"https:\/\/funandlearn.com\/es\/wp-json\/wp\/v2\/pages\/2508\/revisions\/2512"}],"wp:featuredmedia":[{"embeddable":true,"href":"https:\/\/funandlearn.com\/es\/wp-json\/wp\/v2\/media\/737"}],"wp:attachment":[{"href":"https:\/\/funandlearn.com\/es\/wp-json\/wp\/v2\/media?parent=2508"}],"curies":[{"name":"wp","href":"https:\/\/api.w.org\/{rel}","templated":true}]}}